{"id":2,"date":"2015-01-09T03:48:51","date_gmt":"2015-01-09T03:48:51","guid":{"rendered":""},"modified":"2020-08-08T12:53:27","modified_gmt":"2020-08-08T10:53:27","slug":"vacanze-studio","status":"publish","type":"page","link":"https:\/\/www.eurotour.it\/scuole\/vacanze-studio\/","title":{"rendered":"Vacanze studio"},"content":{"rendered":"\t\t<div data-elementor-type=\"wp-page\" data-elementor-id=\"2\" class=\"elementor elementor-2\">\n\t\t\t\t\t\t<div class=\"elementor-inner\">\n\t\t\t\t<div class=\"elementor-section-wrap\">\n\t\t\t\t\t\t\t\t\t<section class=\"elementor-section elementor-top-section elementor-element elementor-element-930d7a7 elementor-section-boxed elementor-section-height-default elementor-section-height-default\" data-id=\"930d7a7\" data-element_type=\"section\">\n\t\t\t\t\t\t<div class=\"elementor-container elementor-column-gap-default\">\n\t\t\t\t\t\t\t<div class=\"elementor-row\">\n\t\t\t\t\t<div class=\"elementor-column elementor-col-100 elementor-top-column elementor-element elementor-element-f470b78\" data-id=\"f470b78\" data-element_type=\"column\">\n\t\t\t<div class=\"elementor-column-wrap\">\n\t\t\t\t\t\t\t<div class=\"elementor-widget-wrap\">\n\t\t\t\t\t\t\t\t<\/div>\n\t\t\t\t\t<\/div>\n\t\t<\/div>\n\t\t\t\t\t\t\t\t<\/div>\n\t\t\t\t\t<\/div>\n\t\t<\/section>\n\t\t\t\t<section class=\"elementor-section elementor-top-section elementor-element elementor-element-98baeef elementor-section-boxed elementor-section-height-default elementor-section-height-default\" data-id=\"98baeef\" data-element_type=\"section\">\n\t\t\t\t\t\t<div class=\"elementor-container elementor-column-gap-default\">\n\t\t\t\t\t\t\t<div class=\"elementor-row\">\n\t\t\t\t\t<div class=\"elementor-column elementor-col-100 elementor-top-column elementor-element elementor-element-116a4be\" data-id=\"116a4be\" data-element_type=\"column\">\n\t\t\t<div class=\"elementor-column-wrap\">\n\t\t\t\t\t\t\t<div class=\"elementor-widget-wrap\">\n\t\t\t\t\t\t\t\t<\/div>\n\t\t\t\t\t<\/div>\n\t\t<\/div>\n\t\t\t\t\t\t\t\t<\/div>\n\t\t\t\t\t<\/div>\n\t\t<\/section>\n\t\t\t\t<section class=\"elementor-section elementor-top-section elementor-element elementor-element-ed54c85 elementor-section-boxed elementor-section-height-default elementor-section-height-default\" data-id=\"ed54c85\" data-element_type=\"section\">\n\t\t\t\t\t\t<div class=\"elementor-container elementor-column-gap-default\">\n\t\t\t\t\t\t\t<div class=\"elementor-row\">\n\t\t\t\t\t<div class=\"elementor-column elementor-col-100 elementor-top-column elementor-element elementor-element-b4fae04\" data-id=\"b4fae04\" data-element_type=\"column\">\n\t\t\t<div class=\"elementor-column-wrap\">\n\t\t\t\t\t\t\t<div class=\"elementor-widget-wrap\">\n\t\t\t\t\t\t\t\t<\/div>\n\t\t\t\t\t<\/div>\n\t\t<\/div>\n\t\t\t\t\t\t\t\t<\/div>\n\t\t\t\t\t<\/div>\n\t\t<\/section>\n\t\t\t\t\t\t\t\t\t<\/div>\n\t\t\t<\/div>\n\t\t\t\t\t<\/div>\n\t\t","protected":false},"excerpt":{"rendered":"<p>Inghilterra Londra GREENWICH &#8211; Ravensbourne University IRLANDA DUBLINO GRIFFITH COLLEGE Emerald Cultural Institute IRLANDA DUBLINO MARINO COLLEGE Emerald Cultural Institute INGHILTERRA LEEDS &#8211; BECKETT UNIVERSITY INGHILTERRA CHICHESTER &#8211; CHICHESTER COLLEGE Heading Title Inghilterra Londra GREENWICH &#8211; Ravensbourne University Offrendo servizi di alta qualit\u00e0 in una splendida universit\u00e0, Londra Greenwich \u00e8 il luogo perfetto per una [&hellip;]<\/p>\n","protected":false},"author":1,"featured_media":0,"parent":0,"menu_order":0,"comment_status":"open","ping_status":"open","template":"","meta":{"footnotes":""},"class_list":["post-2","page","type-page","status-publish","hentry"],"_links":{"self":[{"href":"https:\/\/www.eurotour.it\/scuole\/wp-json\/wp\/v2\/pages\/2"}],"collection":[{"href":"https:\/\/www.eurotour.it\/scuole\/wp-json\/wp\/v2\/pages"}],"about":[{"href":"https:\/\/www.eurotour.it\/scuole\/wp-json\/wp\/v2\/types\/page"}],"author":[{"embeddable":true,"href":"https:\/\/www.eurotour.it\/scuole\/wp-json\/wp\/v2\/users\/1"}],"replies":[{"embeddable":true,"href":"https:\/\/www.eurotour.it\/scuole\/wp-json\/wp\/v2\/comments?post=2"}],"version-history":[{"count":9,"href":"https:\/\/www.eurotour.it\/scuole\/wp-json\/wp\/v2\/pages\/2\/revisions"}],"predecessor-version":[{"id":13962,"href":"https:\/\/www.eurotour.it\/scuole\/wp-json\/wp\/v2\/pages\/2\/revisions\/13962"}],"wp:attachment":[{"href":"https:\/\/www.eurotour.it\/scuole\/wp-json\/wp\/v2\/media?parent=2"}],"curies":[{"name":"wp","href":"https:\/\/api.w.org\/{rel}","templated":true}]}}